{"id":5339,"date":"2026-04-29T07:26:21","date_gmt":"2026-04-29T07:26:21","guid":{"rendered":"https:\/\/hdb.kumuhana.com\/?page_id=5339"},"modified":"2026-04-29T08:46:27","modified_gmt":"2026-04-29T08:46:27","slug":"elementor-5339","status":"publish","type":"page","link":"https:\/\/hdb.kumuhana.com\/index.php\/elementor-5339\/","title":{"rendered":"Elementor #5339"},"content":{"rendered":"\t\t<div data-elementor-type=\"wp-page\" data-elementor-id=\"5339\" class=\"elementor elementor-5339\">\n\t\t\t\t<div class=\"elementor-element elementor-element-320276f e-flex e-con-boxed e-con e-parent\" data-id=\"320276f\" data-element_type=\"container\" data-e-type=\"container\">\n\t\t\t\t\t<div class=\"e-con-inner\">\n\t\t\t\t<div class=\"elementor-element elementor-element-03b6429 elementor-widget elementor-widget-heading\" data-id=\"03b6429\" data-element_type=\"widget\" data-e-type=\"widget\" data-widget_type=\"heading.default\">\n\t\t\t\t\t<h2 class=\"elementor-heading-title elementor-size-default\"><div><span style=\"font-size: 2.5rem\">\nPastorale Des Jeunes<\/span><span style=\"font-size: 2.5rem\"><\/span><\/div><\/h2>\t\t\t\t<\/div>\n\t\t\t\t\t<\/div>\n\t\t\t\t<\/div>\n\t\t<div class=\"elementor-element elementor-element-c64b1a1 e-flex e-con-boxed e-con e-parent\" data-id=\"c64b1a1\" data-element_type=\"container\" data-e-type=\"container\">\n\t\t\t\t\t<div class=\"e-con-inner\">\n\t\t<div class=\"elementor-element elementor-element-44c9b46 e-con-full e-flex e-con e-child\" data-id=\"44c9b46\" data-element_type=\"container\" data-e-type=\"container\">\n\t\t\t\t<div class=\"elementor-element elementor-element-0aeadd9 elementor-widget elementor-widget-image\" data-id=\"0aeadd9\" data-element_type=\"widget\" data-e-type=\"widget\" data-widget_type=\"image.default\">\n\t\t\t\t\t\t\t\t\t\t\t\t\t\t\t<img fetchpriority=\"high\" decoding=\"async\" width=\"980\" height=\"653\" src=\"https:\/\/hdb.kumuhana.com\/wp-content\/uploads\/2026\/04\/WhatsApp-Image-2026-04-29-at-9.33.43-AM-1024x682.jpeg\" class=\"attachment-large size-large wp-image-5351\" alt=\"\" srcset=\"https:\/\/hdb.kumuhana.com\/wp-content\/uploads\/2026\/04\/WhatsApp-Image-2026-04-29-at-9.33.43-AM-1024x682.jpeg 1024w, https:\/\/hdb.kumuhana.com\/wp-content\/uploads\/2026\/04\/WhatsApp-Image-2026-04-29-at-9.33.43-AM-300x200.jpeg 300w, https:\/\/hdb.kumuhana.com\/wp-content\/uploads\/2026\/04\/WhatsApp-Image-2026-04-29-at-9.33.43-AM-768x511.jpeg 768w, https:\/\/hdb.kumuhana.com\/wp-content\/uploads\/2026\/04\/WhatsApp-Image-2026-04-29-at-9.33.43-AM.jpeg 1080w\" sizes=\"(max-width: 980px) 100vw, 980px\" \/>\t\t\t\t\t\t\t\t\t\t\t\t\t\t\t<\/div>\n\t\t\t\t<\/div>\n\t\t<div class=\"elementor-element elementor-element-9e64e4b e-con-full e-flex e-con e-child\" data-id=\"9e64e4b\" data-element_type=\"container\" data-e-type=\"container\">\n\t\t<div class=\"elementor-element elementor-element-2635b3e e-con-full e-flex e-con e-child\" data-id=\"2635b3e\" data-element_type=\"container\" data-e-type=\"container\">\n\t\t\t\t<div class=\"elementor-element elementor-element-920579f elementor-widget elementor-widget-text-editor\" data-id=\"920579f\" data-element_type=\"widget\" data-e-type=\"widget\" data-widget_type=\"text-editor.default\">\n\t\t\t\t\t\t\t\t\t<p>La pastorale des jeunes sal\u00e9sienne, inspir\u00e9e par Saint Jean Bosco, vise l&#8217;\u00e9ducation int\u00e9grale et l&#8217;\u00e9vang\u00e9lisation des jeunes, particuli\u00e8rement les plus d\u00e9munis. Fond\u00e9e sur le \u00ab syst\u00e8me pr\u00e9ventif \u00bb (raison, religion, affection), elle se d\u00e9ploie \u00e0 travers des \u00e9coles, centres de jeunes et paroisses. Les Sal\u00e9siens de Don Bosco accompagnent la jeunesse par une pr\u00e9sence active, centr\u00e9e sur l&#8217;\u00e9coute, la joie, le sport, la formation professionnelle et la spiritualit\u00e9.<\/p><p>Piliers de la Pastorale Sal\u00e9sienne :\u00c9ducation et \u00c9vang\u00e9lisation : Articulation indissociable entre la formation humaine et la croissance spirituelle.<br \/>Syst\u00e8me Pr\u00e9ventif : Ancr\u00e9 sur la confiance, l&#8217;affection et la raison, plut\u00f4t que sur la contrainte.Pr\u00e9sence active : \u00ab \u00catre avec les jeunes \u00bb, dans la cour, les \u00e9coles et les lieux de vie.<\/p>\t\t\t\t\t\t\t\t<\/div>\n\t\t\t\t<\/div>\n\t\t<div class=\"elementor-element elementor-element-6a1a1c5 e-con-full e-flex e-con e-child\" data-id=\"6a1a1c5\" data-element_type=\"container\" data-e-type=\"container\">\n\t\t\t\t<div class=\"elementor-element elementor-element-833bdc0 elementor-widget elementor-widget-text-editor\" data-id=\"833bdc0\" data-element_type=\"widget\" data-e-type=\"widget\" data-widget_type=\"text-editor.default\">\n\t\t\t\t\t\t\t\t\t<p>Domaines d&#8217;intervention :<br \/><strong>\u00c9ducation<\/strong> : R\u00e9seaux scolaires et formation professionnelle pour pr\u00e9parer les jeunes \u00e0 la vie.<br \/><strong>Animation<\/strong> : Oratoires, centres de loisirs et activit\u00e9s sportives.<br \/><strong>Accompagnement spirituel<\/strong> : Partage de la Parole, pri\u00e8re, et discernement vocationnel.<\/p><p><strong>Engagement social<\/strong> : Volontariat et solidarit\u00e9, notamment via le service.La famille sal\u00e9sienne, compos\u00e9e de religieux, religieuses et la\u00efcs, collabore \u00e9troitement pour cr\u00e9er une atmosph\u00e8re de \u00ab maison qui accueille \u00bb.<\/p>\t\t\t\t\t\t\t\t<\/div>\n\t\t\t\t<\/div>\n\t\t\t\t<\/div>\n\t\t\t\t\t<\/div>\n\t\t\t\t<\/div>\n\t\t<div class=\"elementor-element elementor-element-f5039c1 e-flex e-con-boxed e-con e-parent\" data-id=\"f5039c1\" data-element_type=\"container\" data-e-type=\"container\">\n\t\t\t\t\t<div class=\"e-con-inner\">\n\t\t\t\t\t<\/div>\n\t\t\t\t<\/div>\n\t\t\t\t<\/div>\n\t\t","protected":false},"excerpt":{"rendered":"<p>Pastorale Des Jeunes La pastorale des jeunes sal\u00e9sienne, inspir\u00e9e par Saint Jean Bosco, vise l&#8217;\u00e9ducation int\u00e9grale et l&#8217;\u00e9vang\u00e9lisation des jeunes, particuli\u00e8rement les plus d\u00e9munis. Fond\u00e9e sur le \u00ab syst\u00e8me pr\u00e9ventif \u00bb (raison, religion, affection), elle se d\u00e9ploie \u00e0 travers des \u00e9coles, centres de jeunes et paroisses. Les Sal\u00e9siens de Don Bosco accompagnent la jeunesse par [&hellip;]<\/p>\n","protected":false},"author":1,"featured_media":0,"parent":0,"menu_order":0,"comment_status":"closed","ping_status":"closed","template":"","meta":{"inline_featured_image":false,"footnotes":""},"class_list":["post-5339","page","type-page","status-publish","hentry"],"_links":{"self":[{"href":"https:\/\/hdb.kumuhana.com\/index.php\/wp-json\/wp\/v2\/pages\/5339","targetHints":{"allow":["GET"]}}],"collection":[{"href":"https:\/\/hdb.kumuhana.com\/index.php\/wp-json\/wp\/v2\/pages"}],"about":[{"href":"https:\/\/hdb.kumuhana.com\/index.php\/wp-json\/wp\/v2\/types\/page"}],"author":[{"embeddable":true,"href":"https:\/\/hdb.kumuhana.com\/index.php\/wp-json\/wp\/v2\/users\/1"}],"replies":[{"embeddable":true,"href":"https:\/\/hdb.kumuhana.com\/index.php\/wp-json\/wp\/v2\/comments?post=5339"}],"version-history":[{"count":13,"href":"https:\/\/hdb.kumuhana.com\/index.php\/wp-json\/wp\/v2\/pages\/5339\/revisions"}],"predecessor-version":[{"id":5380,"href":"https:\/\/hdb.kumuhana.com\/index.php\/wp-json\/wp\/v2\/pages\/5339\/revisions\/5380"}],"wp:attachment":[{"href":"https:\/\/hdb.kumuhana.com\/index.php\/wp-json\/wp\/v2\/media?parent=5339"}],"curies":[{"name":"wp","href":"https:\/\/api.w.org\/{rel}","templated":true}]}}